{"id":2301,"date":"2017-03-23T11:43:39","date_gmt":"2017-03-23T10:43:39","guid":{"rendered":"http:\/\/preprod.somater.eu\/wettelijke-vermeldingen\/"},"modified":"2022-03-21T19:33:09","modified_gmt":"2022-03-21T18:33:09","slug":"wettelijke-vermeldingen","status":"publish","type":"page","link":"https:\/\/preprod.somater.eu\/nl\/wettelijke-vermeldingen\/","title":{"rendered":"Wettelijke vermeldingen"},"content":{"rendered":"\n<style type=\"text\/css\" data-created_by=\"avia_inline_auto\" id=\"style-css-av-2v5u4w-57232f19c8f4aa450207cca2098e76cb\">\n.flex_column.av-2v5u4w-57232f19c8f4aa450207cca2098e76cb{\nborder-radius:0px 0px 0px 0px;\npadding:0px 0px 0px 0px;\n}\n<\/style>\n<div  class='flex_column av-2v5u4w-57232f19c8f4aa450207cca2098e76cb av_one_half  avia-builder-el-0  el_before_av_one_half  avia-builder-el-first  first flex_column_div av-zero-column-padding  '     ><p>\n<style type=\"text\/css\" data-created_by=\"avia_inline_auto\" id=\"style-css-av-z0748-aec051e74d6a3d4e132843a508bd15cd\">\n#top .av-special-heading.av-z0748-aec051e74d6a3d4e132843a508bd15cd{\npadding-bottom:10px;\n}\nbody .av-special-heading.av-z0748-aec051e74d6a3d4e132843a508bd15cd .av-special-heading-tag .heading-char{\nfont-size:25px;\n}\n.av-special-heading.av-z0748-aec051e74d6a3d4e132843a508bd15cd .av-subheading{\nfont-size:15px;\n}\n<\/style>\n<div  class='av-special-heading av-z0748-aec051e74d6a3d4e132843a508bd15cd av-special-heading-h3 blockquote modern-quote  avia-builder-el-1  el_before_av_textblock  avia-builder-el-first '><h3 class='av-special-heading-tag'  itemprop=\"headline\"  >Wettelijke vermeldingen<\/h3><div class=\"special-heading-border\"><div class=\"special-heading-inner-border\"><\/div><\/div><\/div><br \/>\n<section  class='av_textblock_section av-2l617c-f2138f82dbd15287abbf243797df4fef '   itemscope=\"itemscope\" itemtype=\"https:\/\/schema.org\/CreativeWork\" ><div class='avia_textblock'  itemprop=\"text\" ><p>Conform\u00e9ment aux dispositions de l\u2019article 6 III-1 et 19 de la loi n\u00b0 2004-575 du 21 juin 2004 pour la Confiance dans l\u2019\u00e9conomie num\u00e9rique, dites L.C.E.N., il est port\u00e9 \u00e0 la connaissance des utilisateurs et visiteurs du site SOMATER CONDITIONNEMENTS les pr\u00e9sentes mentions l\u00e9gales.<\/p>\n<p>Le site SOMATER CONDITIONNEMENTS est accessible \u00e0 l\u2019adresse suivante\u00a0: <a href=\"https:\/\/preprod.somater.eu\/nl\/\">preprod.somater.eu<\/a> (ci-apr\u00e8s \u00ab\u00a0le Site\u00a0\u00bb). L\u2019acc\u00e8s et l\u2019utilisation du site sont soumis aux pr\u00e9sentes \u00ab\u00a0Mentions l\u00e9gales\u00a0\u00bb d\u00e9taill\u00e9es ci-apr\u00e8s ainsi qu\u2019aux lois et\/ou r\u00e8glement applicables.<\/p>\n<p>La connexion, l\u2019utilisation et l\u2019acc\u00e8s \u00e0 ce site impliquent l\u2019acceptation int\u00e9grale et sans r\u00e9serve de l\u2019internaute de toutes les dispositions des pr\u00e9sentes mentions l\u00e9gales.<\/p>\n<\/div><\/section><br \/>\n\n<style type=\"text\/css\" data-created_by=\"avia_inline_auto\" id=\"style-css-av-t94n4-133e9cb0fb005362ec21537dfe77f623\">\n#top .av-special-heading.av-t94n4-133e9cb0fb005362ec21537dfe77f623{\npadding-bottom:10px;\n}\nbody .av-special-heading.av-t94n4-133e9cb0fb005362ec21537dfe77f623 .av-special-heading-tag .heading-char{\nfont-size:25px;\n}\n.av-special-heading.av-t94n4-133e9cb0fb005362ec21537dfe77f623 .av-subheading{\nfont-size:15px;\n}\n<\/style>\n<div  class='av-special-heading av-t94n4-133e9cb0fb005362ec21537dfe77f623 av-special-heading-h3 blockquote modern-quote  avia-builder-el-3  el_after_av_textblock  el_before_av_textblock '><h3 class='av-special-heading-tag'  itemprop=\"headline\"  >Artikel 1 \u2013 Wettelijke informatie<\/h3><div class=\"special-heading-border\"><div class=\"special-heading-inner-border\"><\/div><\/div><\/div><br \/>\n<section  class='av_textblock_section av-jlxsy7c8-9ec122a52303ac5dd407e7f8f3746d27 '   itemscope=\"itemscope\" itemtype=\"https:\/\/schema.org\/CreativeWork\" ><div class='avia_textblock'  itemprop=\"text\" ><p>Le site SOMATER CONDITIONNEMENTS est \u00e9dit\u00e9 par\u00a0:<br \/>\n<strong> SOMATER CONDITIONNEMENT SAS<br \/>\n<\/strong>98 Route de la Reine, 92100 Boulogne-Billancourt, France<br \/>\nSIRET :\u00a0552 027 898 00014<\/p>\n<p>Le Directeur de la publication est\u00a0:<br \/>\n<strong> Jean-Guy Dameron<br \/>\n<\/strong><a href=\"mailto:jg.dameron@preprod.somater.eu\">jg.dameron@preprod.somater.eu<\/a><\/p>\n<p>Le site SOMATER CONDITIONNEMENTS est h\u00e9berg\u00e9 par\u00a0:<br \/>\n<strong>OVH<br \/>\n<\/strong>2 rue Kellermann, 59100 Roubaix, France<\/p>\n<p>Sont consid\u00e9r\u00e9s comme utilisateurs tous les internautes qui naviguent, lisent, visionnent et utilisent le site SOMATER CONDITIONNEMENTS.<\/p>\n<\/div><\/section><br \/>\n\n<style type=\"text\/css\" data-created_by=\"avia_inline_auto\" id=\"style-css-av-j4ql4-d0aa7de4553b51427d8c834644745867\">\n#top .av-special-heading.av-j4ql4-d0aa7de4553b51427d8c834644745867{\npadding-bottom:10px;\n}\nbody .av-special-heading.av-j4ql4-d0aa7de4553b51427d8c834644745867 .av-special-heading-tag .heading-char{\nfont-size:25px;\n}\n.av-special-heading.av-j4ql4-d0aa7de4553b51427d8c834644745867 .av-subheading{\nfont-size:15px;\n}\n<\/style>\n<div  class='av-special-heading av-j4ql4-d0aa7de4553b51427d8c834644745867 av-special-heading-h3 blockquote modern-quote  avia-builder-el-5  el_after_av_textblock  el_before_av_textblock '><h3 class='av-special-heading-tag'  itemprop=\"headline\"  >Artikel 2 &#8211; Toegankelijkheid<\/h3><div class=\"special-heading-border\"><div class=\"special-heading-inner-border\"><\/div><\/div><\/div><br \/>\n<section  class='av_textblock_section av-24pdk0-961e815801aaebb1418934a46dd08947 '   itemscope=\"itemscope\" itemtype=\"https:\/\/schema.org\/CreativeWork\" ><div class='avia_textblock'  itemprop=\"text\" ><p>Le site est par principe accessible aux utilisateurs 24\/24h et 7\/7j, sauf interruption, programm\u00e9 ou non, pour des besoins de maintenance ou en cas de force majeure.<\/p>\n<p>En cas d\u2019impossibilit\u00e9 d\u2019acc\u00e8s au site, celui-ci s\u2019engage \u00e0 faire son maximum afin de r\u00e9tablir l\u2019acc\u00e8s. Le site ne saurait \u00eatre tenu pour responsable de tout dommage, quel qu\u2019en soit la nature, r\u00e9sultant de son indisponibilit\u00e9.<\/p>\n<\/div><\/section><br \/>\n\n<style type=\"text\/css\" data-created_by=\"avia_inline_auto\" id=\"style-css-av-jlxwpuos-4b844561aeaf7f42d726c43b42aa4608\">\n#top .av-special-heading.av-jlxwpuos-4b844561aeaf7f42d726c43b42aa4608{\npadding-bottom:10px;\n}\nbody .av-special-heading.av-jlxwpuos-4b844561aeaf7f42d726c43b42aa4608 .av-special-heading-tag .heading-char{\nfont-size:25px;\n}\n.av-special-heading.av-jlxwpuos-4b844561aeaf7f42d726c43b42aa4608 .av-subheading{\nfont-size:15px;\n}\n<\/style>\n<div  class='av-special-heading av-jlxwpuos-4b844561aeaf7f42d726c43b42aa4608 av-special-heading-h3 blockquote modern-quote  avia-builder-el-7  el_after_av_textblock  el_before_av_textblock '><h3 class='av-special-heading-tag'  itemprop=\"headline\"  >Artikel 4 &#8211; Intellectuele eigendom<\/h3><div class=\"special-heading-border\"><div class=\"special-heading-inner-border\"><\/div><\/div><\/div><br \/>\n<section  class='av_textblock_section av-jlxsjhz5-11d8fe0b134fcf04f60810bf00c49180 '   itemscope=\"itemscope\" itemtype=\"https:\/\/schema.org\/CreativeWork\" ><div class='avia_textblock'  itemprop=\"text\" ><p>Le contenu du site, la structure g\u00e9n\u00e9rale, les textes, les images, anim\u00e9es ou non, et les sons dont ce site est compos\u00e9 sont notre propri\u00e9t\u00e9 exclusive. Toute repr\u00e9sentation totale ou partielle de ce site et de son contenu, par quelques proc\u00e9d\u00e9s que ce soient, sans notre autorisation pr\u00e9alable expresse, est interdite et constituerait une contrefa\u00e7on sanctionn\u00e9e par les articles L.335-2 et L.343.1 du Code de la Propri\u00e9t\u00e9 Intellectuelle.<\/p>\n<p>Toute utilisation du logo SOMATER CONDITIONNEMENTS doit faire l\u2019objet d\u2019une autorisation pr\u00e9alable.<\/p>\n<\/div><\/section><br \/>\n\n<style type=\"text\/css\" data-created_by=\"avia_inline_auto\" id=\"style-css-av-jlxwr9m7-3f86d7628ed7c635d664f0fec94358f5\">\n#top .av-special-heading.av-jlxwr9m7-3f86d7628ed7c635d664f0fec94358f5{\npadding-bottom:10px;\n}\nbody .av-special-heading.av-jlxwr9m7-3f86d7628ed7c635d664f0fec94358f5 .av-special-heading-tag .heading-char{\nfont-size:25px;\n}\n.av-special-heading.av-jlxwr9m7-3f86d7628ed7c635d664f0fec94358f5 .av-subheading{\nfont-size:15px;\n}\n<\/style>\n<div  class='av-special-heading av-jlxwr9m7-3f86d7628ed7c635d664f0fec94358f5 av-special-heading-h3 blockquote modern-quote  avia-builder-el-9  el_after_av_textblock  el_before_av_textblock '><h3 class='av-special-heading-tag'  itemprop=\"headline\"  >Artikel 5 &#8211; Vrijstelling van aansprakelijkheid<\/h3><div class=\"special-heading-border\"><div class=\"special-heading-inner-border\"><\/div><\/div><\/div><br \/>\n<section  class='av_textblock_section av-1a4eiw-98228eb45caa7da8ee54592a99f33827 '   itemscope=\"itemscope\" itemtype=\"https:\/\/schema.org\/CreativeWork\" ><div class='avia_textblock'  itemprop=\"text\" ><p>SOMATER CONDITIONNEMENTS d\u00e9cline toute responsabilit\u00e9 en cas de difficult\u00e9 d\u2019acc\u00e8s \u00e0 son site internet ou de difficult\u00e9 de connexion, et ce quelle que soit la cause. De plus, la soci\u00e9t\u00e9\u00a0ne peut \u00eatre tenue pour responsable en cas de dommage ou virus qui pourrait infecter votre ordinateur ou tout mat\u00e9riel informatique.<\/p>\n<p>Les liens hypertextes pr\u00e9sents sur le site renvoyant vers des sites tiers, sont donn\u00e9s \u00e0 titre d\u2019informations compl\u00e9mentaires. SOMATER CONDITIONNEMENTS ne pourrait \u00eatre tenu pour responsable de leur contenu, liens ou mise \u00e0 jour.<\/p>\n<p>La soci\u00e9t\u00e9\u00a0ne saurait \u00eatre tenue pour responsable des erreurs ou omissions, ainsi que des indisponibilit\u00e9s d\u2019informations. Les informations consultables sur le site le sont \u00e0 titre informatif et constituent une offre de services et de produits. SOMATER CONDITIONNEMENTS se r\u00e9serve tous droits de modification \u00e0 tout moment et sans avertissement.<\/p>\n<\/div><\/section><\/p><\/div>\n\n<style type=\"text\/css\" data-created_by=\"avia_inline_auto\" id=\"style-css-av-11db5s-a2d2530f48eaea0e58e8835f2f01af4b\">\n.flex_column.av-11db5s-a2d2530f48eaea0e58e8835f2f01af4b{\nborder-radius:0px 0px 0px 0px;\npadding:0px 0px 0px 0px;\n}\n<\/style>\n<div  class='flex_column av-11db5s-a2d2530f48eaea0e58e8835f2f01af4b av_one_half  avia-builder-el-11  el_after_av_one_half  el_before_av_three_fifth  flex_column_div av-zero-column-padding  '     ><p>\n<style type=\"text\/css\" data-created_by=\"avia_inline_auto\" id=\"style-css-av-wddjc-65fa551bce77c0c3efb15677fa008182\">\n#top .av-special-heading.av-wddjc-65fa551bce77c0c3efb15677fa008182{\npadding-bottom:10px;\n}\nbody .av-special-heading.av-wddjc-65fa551bce77c0c3efb15677fa008182 .av-special-heading-tag .heading-char{\nfont-size:25px;\n}\n.av-special-heading.av-wddjc-65fa551bce77c0c3efb15677fa008182 .av-subheading{\nfont-size:15px;\n}\n<\/style>\n<div  class='av-special-heading av-wddjc-65fa551bce77c0c3efb15677fa008182 av-special-heading-h3 blockquote modern-quote  avia-builder-el-12  el_before_av_textblock  avia-builder-el-first '><h3 class='av-special-heading-tag'  itemprop=\"headline\"  >Article 5 &#8211; Respect de la vie priv\u00e9e<\/h3><div class=\"special-heading-border\"><div class=\"special-heading-inner-border\"><\/div><\/div><\/div><br \/>\n<section  class='av_textblock_section av-jlxso6yb-9370c3bc637da10763702b92be4b6c58 '   itemscope=\"itemscope\" itemtype=\"https:\/\/schema.org\/CreativeWork\" ><div class='avia_textblock'  itemprop=\"text\" ><p>Ce site web collecte et utilise des informations personnelles pour des raisons indiqu\u00e9es ci-dessous. Le site ainsi que le syst\u00e8me informatique auquel il est connect\u00e9, sont con\u00e7us pour r\u00e9pondre aux exigences de la R\u00e9gulation Europ\u00e9enne sur la Protection des Donn\u00e9es 2018 (RGPD).<\/p>\n<p>Jamais nous ne vendrons, louerons ou distribuerons autrement les informations personnelles collect\u00e9es, ni les rendrons public. Vous avez le droit de connaitre, de corriger ou de supprimer \u00e0 tout moment les donn\u00e9es personnelles que nous gardons dans notre syst\u00e8me. Pour toute demande, veuillez contacter notre Responsable de S\u00e9curit\u00e9 de Donn\u00e9es (ci-dessous).<\/p>\n<p>Notre politique de confidentialit\u00e9 et de protection des donn\u00e9es personnelles est susceptible d\u2019\u00eatre modifi\u00e9e sans pr\u00e9avis, en ligne avec la l\u00e9gislation en vigueur. Nous vous invitons \u00e0 visiter cette page pour vous tenir au courant des \u00e9volutions de notre politique de confidentialit\u00e9 et de protection des donn\u00e9es.<\/p>\n<\/div><\/section><br \/>\n\n<style type=\"text\/css\" data-created_by=\"avia_inline_auto\" id=\"style-css-av-r7vao-f77fe5d567d2261ba21635961e4dbd44\">\n#top .av-special-heading.av-r7vao-f77fe5d567d2261ba21635961e4dbd44{\npadding-bottom:10px;\n}\nbody .av-special-heading.av-r7vao-f77fe5d567d2261ba21635961e4dbd44 .av-special-heading-tag .heading-char{\nfont-size:25px;\n}\n.av-special-heading.av-r7vao-f77fe5d567d2261ba21635961e4dbd44 .av-subheading{\nfont-size:15px;\n}\n<\/style>\n<div  class='av-special-heading av-r7vao-f77fe5d567d2261ba21635961e4dbd44 av-special-heading-h3 blockquote modern-quote  avia-builder-el-14  el_after_av_textblock  el_before_av_textblock '><h3 class='av-special-heading-tag'  itemprop=\"headline\"  >Article 6 &#8211; Suivi des visiteurs<\/h3><div class=\"special-heading-border\"><div class=\"special-heading-inner-border\"><\/div><\/div><\/div><br \/>\n<section  class='av_textblock_section av-jlxso6yb-17e7f393cc93cf737c20ccd5e476d019 '   itemscope=\"itemscope\" itemtype=\"https:\/\/schema.org\/CreativeWork\" ><div class='avia_textblock'  itemprop=\"text\" ><h5 style=\"display: none;\">Google Analytics<\/h5>\n<p><span style=\"display: none;\">Ce site web utilise Google Analytics (GA) afin d\u2019en mesurer l\u2019audience et comprendre le comportement des visiteurs. \u00c0 ce titre, GA peut enregistrer par exemple votre position g\u00e9ographique, votre \u00e9quipement informatique, votre navigateur web et votre syst\u00e8me d\u2019exploitation. Aucune de ces informations ne nous permet cependant de vous identifier personnellement. Nous consid\u00e9rons Google comme un processeur de donn\u00e9es tiers (voir ci-dessous).<\/span><\/p>\n<h5>Cookies<\/h5>\n<p>Le pr\u00e9sent site web utilise des cookies afin d\u2019am\u00e9liorer l\u2019exp\u00e9rience de l\u2019utilisateur, de fournir des statistiques d\u2019utilisation et de collecter des informations marketing. Les cookies stockent de l\u2019information sur votre \u00e9quipement informatique relatives \u00e0 votre visite sur notre site web. Vous pouvez d\u00e9sactiver les cookies \u00e0 tout moment, soit en modifiant les r\u00e9glages de votre navigateur, soit en supprimant ces cookies manuellement.<\/p>\n<h5>Leadfeeder<\/h5>\n<p>Deze website bevat een trackingcode van Leadfeeder. Met deze code kan Leadfeeder de activiteit op de website volgen en ons informatie verstrekken over de gebruiker, zoals hun IP-adres, de datum en duur van hun bezoek en de bezochte webpagina&#8217;s.<br \/>\nDe Leadfeeder-trackingcode biedt alleen informatie die direct beschikbaar is in het publieke domein. Het geeft en kan geen individuele, persoonlijke of gevoelige gegevens verstrekken over mensen die de website hebben bezocht. Het geeft informatie over bedrijven die de website hebben bezocht door ze te identificeren aan de hand van hun IP-adres. Deze gegevens kunnen worden gebruikt om contact op te nemen met het bedrijf over zijn ervaring of voor marketingdoeleinden. Wij geven deze gegevens niet door aan derden.<br \/>\nMeer informatie vindt u op <a href=\"https:\/\/www.leadfeeder.com\/\">https:\/\/www.leadfeeder.com\/<\/a>.<\/p>\n<\/div><\/section><br \/>\n\n<style type=\"text\/css\" data-created_by=\"avia_inline_auto\" id=\"style-css-av-gl9dk-50c0af8fe21b377d785fecd2ccf69971\">\n#top .av-special-heading.av-gl9dk-50c0af8fe21b377d785fecd2ccf69971{\npadding-bottom:10px;\n}\nbody .av-special-heading.av-gl9dk-50c0af8fe21b377d785fecd2ccf69971 .av-special-heading-tag .heading-char{\nfont-size:25px;\n}\n.av-special-heading.av-gl9dk-50c0af8fe21b377d785fecd2ccf69971 .av-subheading{\nfont-size:15px;\n}\n<\/style>\n<div  class='av-special-heading av-gl9dk-50c0af8fe21b377d785fecd2ccf69971 av-special-heading-h3 blockquote modern-quote  avia-builder-el-16  el_after_av_textblock  el_before_av_textblock '><h3 class='av-special-heading-tag'  itemprop=\"headline\"  >Ontwerp van de website<\/h3><div class=\"special-heading-border\"><div class=\"special-heading-inner-border\"><\/div><\/div><\/div><br \/>\n<section  class='av_textblock_section av-sdlm0-fc409069076ebbe819b252f46603c454 '   itemscope=\"itemscope\" itemtype=\"https:\/\/schema.org\/CreativeWork\" ><div class='avia_textblock'  itemprop=\"text\" ><p><a href=\"http:\/\/www.bb-b.fr\">bb&amp;b &#8211;\u00a0conseil en communication industrielle<\/a><br \/>\n22 rue Soleillet, 75020 Paris, France<\/p>\n<\/div><\/section><br \/>\n\n<style type=\"text\/css\" data-created_by=\"avia_inline_auto\" id=\"style-css-av-axll4-e9a0d8e0267dce195cc40a5efdeb84ee\">\n#top .av-special-heading.av-axll4-e9a0d8e0267dce195cc40a5efdeb84ee{\npadding-bottom:10px;\n}\nbody .av-special-heading.av-axll4-e9a0d8e0267dce195cc40a5efdeb84ee .av-special-heading-tag .heading-char{\nfont-size:25px;\n}\n.av-special-heading.av-axll4-e9a0d8e0267dce195cc40a5efdeb84ee .av-subheading{\nfont-size:15px;\n}\n<\/style>\n<div  class='av-special-heading av-axll4-e9a0d8e0267dce195cc40a5efdeb84ee av-special-heading-h3 blockquote modern-quote  avia-builder-el-18  el_after_av_textblock  el_before_av_textblock '><h3 class='av-special-heading-tag'  itemprop=\"headline\"  >Fotografie<\/h3><div class=\"special-heading-border\"><div class=\"special-heading-inner-border\"><\/div><\/div><\/div><br \/>\n<section  class='av_textblock_section av-1am2o-0093a12b0ad7c53646271c146e507813 '   itemscope=\"itemscope\" itemtype=\"https:\/\/schema.org\/CreativeWork\" ><div class='avia_textblock'  itemprop=\"text\" ><p><a href=\"http:\/\/www.divergence-images.com\/gael-kerbaol\/portfolios.html\">Ga\u00ebl Kerbaol<br \/>\n<\/a>bb&amp;b<a href=\"http:\/\/www.divergence-images.com\/gael-kerbaol\/portfolios.html\"><br \/>\n<\/a>Somater Conditionnements<\/p>\n<\/div><\/section><\/p><\/div>\n<style type=\"text\/css\" data-created_by=\"avia_inline_auto\" id=\"style-css-av-8vs6g-9e6236866e133ba39539ba66f114892f\">\n.flex_column.av-8vs6g-9e6236866e133ba39539ba66f114892f{\nborder-radius:0px 0px 0px 0px;\npadding:0px 0px 0px 0px;\n}\n<\/style>\n<div  class='flex_column av-8vs6g-9e6236866e133ba39539ba66f114892f av_three_fifth  avia-builder-el-20  el_after_av_one_half  avia-builder-el-last  first flex_column_div av-zero-column-padding  column-top-margin'     ><\/div><\/p>\n","protected":false},"excerpt":{"rendered":"","protected":false},"author":3,"featured_media":0,"parent":0,"menu_order":0,"comment_status":"closed","ping_status":"closed","template":"","meta":{"footnotes":""},"yoast_head":"<!-- This site is optimized with the Yoast SEO plugin v21.1 - https:\/\/yoast.com\/wordpress\/plugins\/seo\/ -->\n<title>Wettelijke vermeldingen &ndash; Somater<\/title>\n<meta name=\"robots\" content=\"noindex, follow, max-snippet:-1, max-image-preview:large, max-video-preview:-1\" \/>\n<meta property=\"og:locale\" content=\"nl_NL\" \/>\n<meta property=\"og:type\" content=\"article\" \/>\n<meta property=\"og:title\" content=\"Wettelijke vermeldingen &ndash; Somater\" \/>\n<meta property=\"og:url\" content=\"https:\/\/preprod.somater.eu\/nl\/wettelijke-vermeldingen\/\" \/>\n<meta property=\"og:site_name\" content=\"Somater\" \/>\n<meta property=\"article:modified_time\" content=\"2022-03-21T18:33:09+00:00\" \/>\n<meta name=\"twitter:card\" content=\"summary_large_image\" \/>\n<meta name=\"twitter:label1\" content=\"Geschatte leestijd\" \/>\n\t<meta name=\"twitter:data1\" content=\"9 minuten\" \/>\n<script type=\"application\/ld+json\" class=\"yoast-schema-graph\">{\"@context\":\"https:\/\/schema.org\",\"@graph\":[{\"@type\":\"WebPage\",\"@id\":\"https:\/\/preprod.somater.eu\/nl\/wettelijke-vermeldingen\/\",\"url\":\"https:\/\/preprod.somater.eu\/nl\/wettelijke-vermeldingen\/\",\"name\":\"Wettelijke vermeldingen &ndash; Somater\",\"isPartOf\":{\"@id\":\"https:\/\/preprod.somater.eu\/#website\"},\"datePublished\":\"2017-03-23T10:43:39+00:00\",\"dateModified\":\"2022-03-21T18:33:09+00:00\",\"breadcrumb\":{\"@id\":\"https:\/\/preprod.somater.eu\/nl\/wettelijke-vermeldingen\/#breadcrumb\"},\"inLanguage\":\"nl-NL\",\"potentialAction\":[{\"@type\":\"ReadAction\",\"target\":[\"https:\/\/preprod.somater.eu\/nl\/wettelijke-vermeldingen\/\"]}]},{\"@type\":\"BreadcrumbList\",\"@id\":\"https:\/\/preprod.somater.eu\/nl\/wettelijke-vermeldingen\/#breadcrumb\",\"itemListElement\":[{\"@type\":\"ListItem\",\"position\":1,\"name\":\"Accueil\",\"item\":\"https:\/\/preprod.somater.eu\/nl\/startpagina\/\"},{\"@type\":\"ListItem\",\"position\":2,\"name\":\"Wettelijke vermeldingen\"}]},{\"@type\":\"WebSite\",\"@id\":\"https:\/\/preprod.somater.eu\/#website\",\"url\":\"https:\/\/preprod.somater.eu\/\",\"name\":\"Somater\",\"description\":\"Fabricant fran\u00e7ais d\u2019emballages primaires en plastique\",\"potentialAction\":[{\"@type\":\"SearchAction\",\"target\":{\"@type\":\"EntryPoint\",\"urlTemplate\":\"https:\/\/preprod.somater.eu\/?s={search_term_string}\"},\"query-input\":\"required name=search_term_string\"}],\"inLanguage\":\"nl-NL\"}]}<\/script>\n<!-- \/ Yoast SEO plugin. -->","yoast_head_json":{"title":"Wettelijke vermeldingen &ndash; Somater","robots":{"index":"noindex","follow":"follow","max-snippet":"max-snippet:-1","max-image-preview":"max-image-preview:large","max-video-preview":"max-video-preview:-1"},"og_locale":"nl_NL","og_type":"article","og_title":"Wettelijke vermeldingen &ndash; Somater","og_url":"https:\/\/preprod.somater.eu\/nl\/wettelijke-vermeldingen\/","og_site_name":"Somater","article_modified_time":"2022-03-21T18:33:09+00:00","twitter_card":"summary_large_image","twitter_misc":{"Geschatte leestijd":"9 minuten"},"schema":{"@context":"https:\/\/schema.org","@graph":[{"@type":"WebPage","@id":"https:\/\/preprod.somater.eu\/nl\/wettelijke-vermeldingen\/","url":"https:\/\/preprod.somater.eu\/nl\/wettelijke-vermeldingen\/","name":"Wettelijke vermeldingen &ndash; Somater","isPartOf":{"@id":"https:\/\/preprod.somater.eu\/#website"},"datePublished":"2017-03-23T10:43:39+00:00","dateModified":"2022-03-21T18:33:09+00:00","breadcrumb":{"@id":"https:\/\/preprod.somater.eu\/nl\/wettelijke-vermeldingen\/#breadcrumb"},"inLanguage":"nl-NL","potentialAction":[{"@type":"ReadAction","target":["https:\/\/preprod.somater.eu\/nl\/wettelijke-vermeldingen\/"]}]},{"@type":"BreadcrumbList","@id":"https:\/\/preprod.somater.eu\/nl\/wettelijke-vermeldingen\/#breadcrumb","itemListElement":[{"@type":"ListItem","position":1,"name":"Accueil","item":"https:\/\/preprod.somater.eu\/nl\/startpagina\/"},{"@type":"ListItem","position":2,"name":"Wettelijke vermeldingen"}]},{"@type":"WebSite","@id":"https:\/\/preprod.somater.eu\/#website","url":"https:\/\/preprod.somater.eu\/","name":"Somater","description":"Fabricant fran\u00e7ais d\u2019emballages primaires en plastique","potentialAction":[{"@type":"SearchAction","target":{"@type":"EntryPoint","urlTemplate":"https:\/\/preprod.somater.eu\/?s={search_term_string}"},"query-input":"required name=search_term_string"}],"inLanguage":"nl-NL"}]}},"_links":{"self":[{"href":"https:\/\/preprod.somater.eu\/nl\/wp-json\/wp\/v2\/pages\/2301"}],"collection":[{"href":"https:\/\/preprod.somater.eu\/nl\/wp-json\/wp\/v2\/pages"}],"about":[{"href":"https:\/\/preprod.somater.eu\/nl\/wp-json\/wp\/v2\/types\/page"}],"author":[{"embeddable":true,"href":"https:\/\/preprod.somater.eu\/nl\/wp-json\/wp\/v2\/users\/3"}],"replies":[{"embeddable":true,"href":"https:\/\/preprod.somater.eu\/nl\/wp-json\/wp\/v2\/comments?post=2301"}],"version-history":[{"count":25,"href":"https:\/\/preprod.somater.eu\/nl\/wp-json\/wp\/v2\/pages\/2301\/revisions"}],"predecessor-version":[{"id":4902,"href":"https:\/\/preprod.somater.eu\/nl\/wp-json\/wp\/v2\/pages\/2301\/revisions\/4902"}],"wp:attachment":[{"href":"https:\/\/preprod.somater.eu\/nl\/wp-json\/wp\/v2\/media?parent=2301"}],"curies":[{"name":"wp","href":"https:\/\/api.w.org\/{rel}","templated":true}]}}